{"id":8,"date":"2015-06-16T23:30:47","date_gmt":"2015-06-16T20:30:47","guid":{"rendered":"https:\/\/www.orn.ee\/olu\/?page_id=8"},"modified":"2015-09-30T21:44:30","modified_gmt":"2015-09-30T18:44:30","slug":"opetused","status":"publish","type":"page","link":"https:\/\/www.orn.ee\/olu\/opetused\/","title":{"rendered":"\u00d5petused"},"content":{"rendered":"<p>Viited kodu\u00f5lle tegemise ja sellega seotud \u00f5petustele:<\/p>\n<ul>\n<li><a href=\"https:\/\/www.orn.ee\/olu\/wp-content\/uploads\/2015\/06\/coopers.pdf\">Coopers \u00f5llekomplektide kasutusjuhend<\/a><\/li>\n<li><a href=\"https:\/\/www.orn.ee\/olu\/wp-content\/uploads\/2015\/06\/muntons.pdf\">Muntons &#8220;Premium (1,5kg)&#8221; ja &#8220;Connoisseurs (1,8kg) \u00f5llekomplektide juhend<\/a><\/li>\n<li><a href=\"https:\/\/www.orn.ee\/olu\/wp-content\/uploads\/2015\/06\/muntons_gold_juhend.pdf\">Muntons &#8220;Gold (3kg)&#8221; \u00f5llekomplektide juhend<\/a><\/li>\n<li><a href=\"https:\/\/www.orn.ee\/olu\/wp-content\/uploads\/2015\/06\/brewmaker_juhend.pdf\">Brewmaker \u00f5lle- ja siidrikomplektide juhend<\/a><\/li>\n<li><a href=\"https:\/\/www.orn.ee\/olu\/wp-content\/uploads\/2015\/06\/brewferm.pdf\">Brewferm \u00f5llekomplektide juhend<\/a><\/li>\n<li><a href=\"https:\/\/www.orn.ee\/olu\/wp-content\/uploads\/2015\/06\/woodfordes_juhend.pdf\">Woodfordes (3kg) \u00f5llekomplektide juhend<\/a><\/li>\n<li><a href=\"https:\/\/www.youtube.com\/watch?v=GTvmYaQq6Mc&amp;feature=youtu.be\" target=\"_blank\">H\u00fcdromeetri kasutamise juhend<\/a><\/li>\n<li><a href=\"http:\/\/www.pruulmeistrid.ee\/images\/6lletegu.jpg\" target=\"_blank\" data-rel=\"lightbox-image-0\" data-rl_title=\"\" data-rl_caption=\"\" title=\"\">\u00d5lle tegemise \u00fcldine l\u00fchijuhend<\/a><\/li>\n<\/ul>\n<h3>Sildid piimaga pudelitele<\/h3>\n<p>Olen paaril korral kuulnud trikki, et koduse printeriga v\u00e4ljatr\u00fckitud pudelisilte saab pudelile lihtsasti kleepida piimaga. Ja nii ta t\u00f5esti tundub olevat. Ise pole veel proovinud, aga \u00fche \u00f5petliku video leidsin. Nii, et tasub j\u00e4rele proovimist.<\/p>\n<p><iframe loading=\"lazy\" title=\"Beer Labels Using Milk\" width=\"660\" height=\"371\" src=\"https:\/\/www.youtube.com\/embed\/II37YITuuNU?feature=oembed\" frameborder=\"0\" allow=\"accelerometer; autoplay; clipboard-write; encrypted-media; gyroscope; picture-in-picture; web-share\" referrerpolicy=\"strict-origin-when-cross-origin\" allowfullscreen><\/iframe><\/p>\n","protected":false},"excerpt":{"rendered":"<p>Viited kodu\u00f5lle tegemise ja sellega seotud \u00f5petustele: Coopers \u00f5llekomplektide kasutusjuhend Muntons &#8220;Premium (1,5kg)&#8221; ja &#8220;Connoisseurs (1,8kg) \u00f5llekomplektide juhend Muntons &#8220;Gold (3kg)&#8221; \u00f5llekomplektide juhend Brewmaker \u00f5lle- ja siidrikomplektide juhend Brewferm \u00f5llekomplektide juhend Woodfordes (3kg) \u00f5llekomplektide juhend H\u00fcdromeetri kasutamise juhend \u00d5lle tegemise \u00fcldine l\u00fchijuhend Sildid piimaga pudelitele Olen paaril korral kuulnud trikki, et koduse printeriga v\u00e4ljatr\u00fckitud pudelisilte &hellip; <a href=\"https:\/\/www.orn.ee\/olu\/opetused\/\" class=\"more-link\">Loe edasi: <span class=\"screen-reader-text\">\u00d5petused<\/span><\/a><\/p>\n","protected":false},"author":1,"featured_media":0,"parent":0,"menu_order":10,"comment_status":"closed","ping_status":"closed","template":"","meta":{"_acf_changed":false,"footnotes":""},"class_list":["post-8","page","type-page","status-publish","hentry"],"acf":[],"yoast_head":"<!-- This site is optimized with the Yoast SEO plugin v27.3 - https:\/\/yoast.com\/product\/yoast-seo-wordpress\/ -->\n<title>Kodu\u00f5lle valmistamise \u00f5petused<\/title>\n<meta name=\"description\" content=\"Viited kodu\u00f5lle tegemise ja sellega seotud \u00f5petustele\" \/>\n<meta name=\"robots\" content=\"index, follow, max-snippet:-1, max-image-preview:large, max-video-preview:-1\" \/>\n<link rel=\"canonical\" href=\"https:\/\/www.orn.ee\/olu\/opetused\/\" \/>\n<meta property=\"og:locale\" content=\"et_EE\" \/>\n<meta property=\"og:type\" content=\"article\" \/>\n<meta property=\"og:title\" content=\"Kodu\u00f5lle valmistamise \u00f5petused\" \/>\n<meta property=\"og:description\" content=\"Viited kodu\u00f5lle tegemise ja sellega seotud \u00f5petustele\" \/>\n<meta property=\"og:url\" content=\"https:\/\/www.orn.ee\/olu\/opetused\/\" \/>\n<meta property=\"og:site_name\" content=\"Martini \u00d5lleteod\" \/>\n<meta property=\"article:modified_time\" content=\"2015-09-30T18:44:30+00:00\" \/>\n<meta name=\"twitter:card\" content=\"summary_large_image\" \/>\n<script type=\"application\/ld+json\" class=\"yoast-schema-graph\">{\"@context\":\"https:\\\/\\\/schema.org\",\"@graph\":[{\"@type\":\"WebPage\",\"@id\":\"https:\\\/\\\/www.orn.ee\\\/olu\\\/opetused\\\/\",\"url\":\"https:\\\/\\\/www.orn.ee\\\/olu\\\/opetused\\\/\",\"name\":\"Kodu\u00f5lle valmistamise \u00f5petused\",\"isPartOf\":{\"@id\":\"https:\\\/\\\/www.orn.ee\\\/olu\\\/#website\"},\"datePublished\":\"2015-06-16T20:30:47+00:00\",\"dateModified\":\"2015-09-30T18:44:30+00:00\",\"description\":\"Viited kodu\u00f5lle tegemise ja sellega seotud \u00f5petustele\",\"breadcrumb\":{\"@id\":\"https:\\\/\\\/www.orn.ee\\\/olu\\\/opetused\\\/#breadcrumb\"},\"inLanguage\":\"et\",\"potentialAction\":[{\"@type\":\"ReadAction\",\"target\":[\"https:\\\/\\\/www.orn.ee\\\/olu\\\/opetused\\\/\"]}]},{\"@type\":\"BreadcrumbList\",\"@id\":\"https:\\\/\\\/www.orn.ee\\\/olu\\\/opetused\\\/#breadcrumb\",\"itemListElement\":[{\"@type\":\"ListItem\",\"position\":1,\"name\":\"Home\",\"item\":\"https:\\\/\\\/www.orn.ee\\\/olu\\\/\"},{\"@type\":\"ListItem\",\"position\":2,\"name\":\"\u00d5petused\"}]},{\"@type\":\"WebSite\",\"@id\":\"https:\\\/\\\/www.orn.ee\\\/olu\\\/#website\",\"url\":\"https:\\\/\\\/www.orn.ee\\\/olu\\\/\",\"name\":\"Martini \u00d5lleteod\",\"description\":\"Minu \u00f5lletegemise p\u00e4evik ja kasulikud nipid\",\"potentialAction\":[{\"@type\":\"SearchAction\",\"target\":{\"@type\":\"EntryPoint\",\"urlTemplate\":\"https:\\\/\\\/www.orn.ee\\\/olu\\\/?s={search_term_string}\"},\"query-input\":{\"@type\":\"PropertyValueSpecification\",\"valueRequired\":true,\"valueName\":\"search_term_string\"}}],\"inLanguage\":\"et\"}]}<\/script>\n<!-- \/ Yoast SEO plugin. -->","yoast_head_json":{"title":"Kodu\u00f5lle valmistamise \u00f5petused","description":"Viited kodu\u00f5lle tegemise ja sellega seotud \u00f5petustele","robots":{"index":"index","follow":"follow","max-snippet":"max-snippet:-1","max-image-preview":"max-image-preview:large","max-video-preview":"max-video-preview:-1"},"canonical":"https:\/\/www.orn.ee\/olu\/opetused\/","og_locale":"et_EE","og_type":"article","og_title":"Kodu\u00f5lle valmistamise \u00f5petused","og_description":"Viited kodu\u00f5lle tegemise ja sellega seotud \u00f5petustele","og_url":"https:\/\/www.orn.ee\/olu\/opetused\/","og_site_name":"Martini \u00d5lleteod","article_modified_time":"2015-09-30T18:44:30+00:00","twitter_card":"summary_large_image","schema":{"@context":"https:\/\/schema.org","@graph":[{"@type":"WebPage","@id":"https:\/\/www.orn.ee\/olu\/opetused\/","url":"https:\/\/www.orn.ee\/olu\/opetused\/","name":"Kodu\u00f5lle valmistamise \u00f5petused","isPartOf":{"@id":"https:\/\/www.orn.ee\/olu\/#website"},"datePublished":"2015-06-16T20:30:47+00:00","dateModified":"2015-09-30T18:44:30+00:00","description":"Viited kodu\u00f5lle tegemise ja sellega seotud \u00f5petustele","breadcrumb":{"@id":"https:\/\/www.orn.ee\/olu\/opetused\/#breadcrumb"},"inLanguage":"et","potentialAction":[{"@type":"ReadAction","target":["https:\/\/www.orn.ee\/olu\/opetused\/"]}]},{"@type":"BreadcrumbList","@id":"https:\/\/www.orn.ee\/olu\/opetused\/#breadcrumb","itemListElement":[{"@type":"ListItem","position":1,"name":"Home","item":"https:\/\/www.orn.ee\/olu\/"},{"@type":"ListItem","position":2,"name":"\u00d5petused"}]},{"@type":"WebSite","@id":"https:\/\/www.orn.ee\/olu\/#website","url":"https:\/\/www.orn.ee\/olu\/","name":"Martini \u00d5lleteod","description":"Minu \u00f5lletegemise p\u00e4evik ja kasulikud nipid","potentialAction":[{"@type":"SearchAction","target":{"@type":"EntryPoint","urlTemplate":"https:\/\/www.orn.ee\/olu\/?s={search_term_string}"},"query-input":{"@type":"PropertyValueSpecification","valueRequired":true,"valueName":"search_term_string"}}],"inLanguage":"et"}]}},"_links":{"self":[{"href":"https:\/\/www.orn.ee\/olu\/wp-json\/wp\/v2\/pages\/8","targetHints":{"allow":["GET"]}}],"collection":[{"href":"https:\/\/www.orn.ee\/olu\/wp-json\/wp\/v2\/pages"}],"about":[{"href":"https:\/\/www.orn.ee\/olu\/wp-json\/wp\/v2\/types\/page"}],"author":[{"embeddable":true,"href":"https:\/\/www.orn.ee\/olu\/wp-json\/wp\/v2\/users\/1"}],"replies":[{"embeddable":true,"href":"https:\/\/www.orn.ee\/olu\/wp-json\/wp\/v2\/comments?post=8"}],"version-history":[{"count":4,"href":"https:\/\/www.orn.ee\/olu\/wp-json\/wp\/v2\/pages\/8\/revisions"}],"predecessor-version":[{"id":555,"href":"https:\/\/www.orn.ee\/olu\/wp-json\/wp\/v2\/pages\/8\/revisions\/555"}],"wp:attachment":[{"href":"https:\/\/www.orn.ee\/olu\/wp-json\/wp\/v2\/media?parent=8"}],"curies":[{"name":"wp","href":"https:\/\/api.w.org\/{rel}","templated":true}]}}