{"id":18,"date":"2015-06-16T23:34:18","date_gmt":"2015-06-16T20:34:18","guid":{"rendered":"https:\/\/www.orn.ee\/olu\/?page_id=18"},"modified":"2015-06-17T22:06:06","modified_gmt":"2015-06-17T19:06:06","slug":"retseptid","status":"publish","type":"page","link":"https:\/\/www.orn.ee\/olu\/retseptid\/","title":{"rendered":"Retseptid"},"content":{"rendered":"<p>Kui see teema peaks aktuaalseks minema ja ma hakkan ise rohkem pruulimise protsessi muutma, siis saab need m\u00f5tted siia kirja panna.<\/p>\n<ul>\n<li><a href=\"http:\/\/www.pruulmeistrid.ee\/retseptid\" target=\"_blank\">Pruulmeistrite retseptid<\/a><\/li>\n<li><a href=\"http:\/\/www.pruulimine.ee\/rubriik\/retsept\/\" target=\"_blank\">Pruulimine.ee retseptid<\/a><\/li>\n<\/ul>\n<p>&nbsp;<\/p>\n","protected":false},"excerpt":{"rendered":"<p>Kui see teema peaks aktuaalseks minema ja ma hakkan ise rohkem pruulimise protsessi muutma, siis saab need m\u00f5tted siia kirja panna. Pruulmeistrite retseptid Pruulimine.ee retseptid &nbsp;<\/p>\n","protected":false},"author":1,"featured_media":0,"parent":0,"menu_order":50,"comment_status":"closed","ping_status":"closed","template":"","meta":{"_acf_changed":false,"footnotes":""},"class_list":["post-18","page","type-page","status-publish","hentry"],"acf":[],"yoast_head":"<!-- This site is optimized with the Yoast SEO plugin v27.3 - https:\/\/yoast.com\/product\/yoast-seo-wordpress\/ -->\n<title>Retseptid - Martini \u00d5lleteod<\/title>\n<meta name=\"robots\" content=\"index, follow, max-snippet:-1, max-image-preview:large, max-video-preview:-1\" \/>\n<link rel=\"canonical\" href=\"https:\/\/www.orn.ee\/olu\/retseptid\/\" \/>\n<meta property=\"og:locale\" content=\"et_EE\" \/>\n<meta property=\"og:type\" content=\"article\" \/>\n<meta property=\"og:title\" content=\"Retseptid - Martini \u00d5lleteod\" \/>\n<meta property=\"og:description\" content=\"Kui see teema peaks aktuaalseks minema ja ma hakkan ise rohkem pruulimise protsessi muutma, siis saab need m\u00f5tted siia kirja panna. Pruulmeistrite retseptid Pruulimine.ee retseptid &nbsp;\" \/>\n<meta property=\"og:url\" content=\"https:\/\/www.orn.ee\/olu\/retseptid\/\" \/>\n<meta property=\"og:site_name\" content=\"Martini \u00d5lleteod\" \/>\n<meta property=\"article:modified_time\" content=\"2015-06-17T19:06:06+00:00\" \/>\n<meta name=\"twitter:card\" content=\"summary_large_image\" \/>\n<script type=\"application\/ld+json\" class=\"yoast-schema-graph\">{\"@context\":\"https:\\\/\\\/schema.org\",\"@graph\":[{\"@type\":\"WebPage\",\"@id\":\"https:\\\/\\\/www.orn.ee\\\/olu\\\/retseptid\\\/\",\"url\":\"https:\\\/\\\/www.orn.ee\\\/olu\\\/retseptid\\\/\",\"name\":\"Retseptid - Martini \u00d5lleteod\",\"isPartOf\":{\"@id\":\"https:\\\/\\\/www.orn.ee\\\/olu\\\/#website\"},\"datePublished\":\"2015-06-16T20:34:18+00:00\",\"dateModified\":\"2015-06-17T19:06:06+00:00\",\"breadcrumb\":{\"@id\":\"https:\\\/\\\/www.orn.ee\\\/olu\\\/retseptid\\\/#breadcrumb\"},\"inLanguage\":\"et\",\"potentialAction\":[{\"@type\":\"ReadAction\",\"target\":[\"https:\\\/\\\/www.orn.ee\\\/olu\\\/retseptid\\\/\"]}]},{\"@type\":\"BreadcrumbList\",\"@id\":\"https:\\\/\\\/www.orn.ee\\\/olu\\\/retseptid\\\/#breadcrumb\",\"itemListElement\":[{\"@type\":\"ListItem\",\"position\":1,\"name\":\"Home\",\"item\":\"https:\\\/\\\/www.orn.ee\\\/olu\\\/\"},{\"@type\":\"ListItem\",\"position\":2,\"name\":\"Retseptid\"}]},{\"@type\":\"WebSite\",\"@id\":\"https:\\\/\\\/www.orn.ee\\\/olu\\\/#website\",\"url\":\"https:\\\/\\\/www.orn.ee\\\/olu\\\/\",\"name\":\"Martini \u00d5lleteod\",\"description\":\"Minu \u00f5lletegemise p\u00e4evik ja kasulikud nipid\",\"potentialAction\":[{\"@type\":\"SearchAction\",\"target\":{\"@type\":\"EntryPoint\",\"urlTemplate\":\"https:\\\/\\\/www.orn.ee\\\/olu\\\/?s={search_term_string}\"},\"query-input\":{\"@type\":\"PropertyValueSpecification\",\"valueRequired\":true,\"valueName\":\"search_term_string\"}}],\"inLanguage\":\"et\"}]}<\/script>\n<!-- \/ Yoast SEO plugin. -->","yoast_head_json":{"title":"Retseptid - Martini \u00d5lleteod","robots":{"index":"index","follow":"follow","max-snippet":"max-snippet:-1","max-image-preview":"max-image-preview:large","max-video-preview":"max-video-preview:-1"},"canonical":"https:\/\/www.orn.ee\/olu\/retseptid\/","og_locale":"et_EE","og_type":"article","og_title":"Retseptid - Martini \u00d5lleteod","og_description":"Kui see teema peaks aktuaalseks minema ja ma hakkan ise rohkem pruulimise protsessi muutma, siis saab need m\u00f5tted siia kirja panna. Pruulmeistrite retseptid Pruulimine.ee retseptid &nbsp;","og_url":"https:\/\/www.orn.ee\/olu\/retseptid\/","og_site_name":"Martini \u00d5lleteod","article_modified_time":"2015-06-17T19:06:06+00:00","twitter_card":"summary_large_image","schema":{"@context":"https:\/\/schema.org","@graph":[{"@type":"WebPage","@id":"https:\/\/www.orn.ee\/olu\/retseptid\/","url":"https:\/\/www.orn.ee\/olu\/retseptid\/","name":"Retseptid - Martini \u00d5lleteod","isPartOf":{"@id":"https:\/\/www.orn.ee\/olu\/#website"},"datePublished":"2015-06-16T20:34:18+00:00","dateModified":"2015-06-17T19:06:06+00:00","breadcrumb":{"@id":"https:\/\/www.orn.ee\/olu\/retseptid\/#breadcrumb"},"inLanguage":"et","potentialAction":[{"@type":"ReadAction","target":["https:\/\/www.orn.ee\/olu\/retseptid\/"]}]},{"@type":"BreadcrumbList","@id":"https:\/\/www.orn.ee\/olu\/retseptid\/#breadcrumb","itemListElement":[{"@type":"ListItem","position":1,"name":"Home","item":"https:\/\/www.orn.ee\/olu\/"},{"@type":"ListItem","position":2,"name":"Retseptid"}]},{"@type":"WebSite","@id":"https:\/\/www.orn.ee\/olu\/#website","url":"https:\/\/www.orn.ee\/olu\/","name":"Martini \u00d5lleteod","description":"Minu \u00f5lletegemise p\u00e4evik ja kasulikud nipid","potentialAction":[{"@type":"SearchAction","target":{"@type":"EntryPoint","urlTemplate":"https:\/\/www.orn.ee\/olu\/?s={search_term_string}"},"query-input":{"@type":"PropertyValueSpecification","valueRequired":true,"valueName":"search_term_string"}}],"inLanguage":"et"}]}},"_links":{"self":[{"href":"https:\/\/www.orn.ee\/olu\/wp-json\/wp\/v2\/pages\/18","targetHints":{"allow":["GET"]}}],"collection":[{"href":"https:\/\/www.orn.ee\/olu\/wp-json\/wp\/v2\/pages"}],"about":[{"href":"https:\/\/www.orn.ee\/olu\/wp-json\/wp\/v2\/types\/page"}],"author":[{"embeddable":true,"href":"https:\/\/www.orn.ee\/olu\/wp-json\/wp\/v2\/users\/1"}],"replies":[{"embeddable":true,"href":"https:\/\/www.orn.ee\/olu\/wp-json\/wp\/v2\/comments?post=18"}],"version-history":[{"count":3,"href":"https:\/\/www.orn.ee\/olu\/wp-json\/wp\/v2\/pages\/18\/revisions"}],"predecessor-version":[{"id":145,"href":"https:\/\/www.orn.ee\/olu\/wp-json\/wp\/v2\/pages\/18\/revisions\/145"}],"wp:attachment":[{"href":"https:\/\/www.orn.ee\/olu\/wp-json\/wp\/v2\/media?parent=18"}],"curies":[{"name":"wp","href":"https:\/\/api.w.org\/{rel}","templated":true}]}}