{"id":16,"date":"2015-06-16T23:33:33","date_gmt":"2015-06-16T20:33:33","guid":{"rendered":"https:\/\/www.orn.ee\/olu\/?page_id=16"},"modified":"2019-09-11T17:54:25","modified_gmt":"2019-09-11T14:54:25","slug":"muu","status":"publish","type":"page","link":"https:\/\/www.orn.ee\/olu\/muu\/","title":{"rendered":"Muu"},"content":{"rendered":"<p><strong>M\u00f5ned margid Pruulikeskusest <\/strong>(Tartus, tuleb online&#8217;ist tellida)<strong>, mida v\u00f5iks proovida:<\/strong><\/p>\n<p>Coopers Real Ale &#8211;\u00a0<a href=\"http:\/\/www.pruulikeskus.ee\/toode\/coopers-real-ale\/\">http:\/\/www.pruulikeskus.ee\/toode\/coopers-real-ale\/<\/a><\/p>\n<p>Better Brew Czech Pilsner &#8211;\u00a0<a href=\"http:\/\/www.pruulikeskus.ee\/toode\/better-brew-czech-pilsner\/\">http:\/\/www.pruulikeskus.ee\/toode\/better-brew-czech-pilsner\/<\/a><\/p>\n<p>Bulldog Brews Premium IPA &#8211;\u00a0<a href=\"http:\/\/www.pruulikeskus.ee\/toode\/bulldog-brews-premium-ipa\/\">http:\/\/www.pruulikeskus.ee\/toode\/bulldog-brews-premium-ipa\/<\/a><\/p>\n<p><strong>Paar uut marki Pruulmeistrites, mida j\u00e4rgmisena proovida<\/strong><\/p>\n<p>Gozdawa Silesian Lager &#8211;\u00a0<a href=\"http:\/\/www.pruulmeistrid.ee\/uued-tooted\/gozdawa-silesian-lager-1-7kg-detail\">http:\/\/www.pruulmeistrid.ee\/uued-tooted\/gozdawa-silesian-lager-1-7kg-detail<\/a><\/p>\n<p>Gozdawa German Pils &#8211;\u00a0<a href=\"http:\/\/www.pruulmeistrid.ee\/uued-tooted\/gozdawa-german-pils-1-7kg-detail\">http:\/\/www.pruulmeistrid.ee\/uued-tooted\/gozdawa-german-pils-1-7kg-detail<\/a><\/p>\n<p><a href=\"https:\/\/www.orn.ee\/olu\/wp-content\/uploads\/2015\/06\/german-pils.jpg\" data-rel=\"lightbox-image-0\" data-rl_title=\"\" data-rl_caption=\"\" title=\"\"><img loading=\"lazy\" decoding=\"async\" class=\"alignleft wp-image-189 size-medium\" src=\"https:\/\/www.orn.ee\/olu\/wp-content\/uploads\/2015\/06\/german-pils-283x300.jpg\" alt=\"German Pils\" width=\"283\" height=\"300\" srcset=\"https:\/\/www.orn.ee\/olu\/wp-content\/uploads\/2015\/06\/german-pils-283x300.jpg 283w, https:\/\/www.orn.ee\/olu\/wp-content\/uploads\/2015\/06\/german-pils-965x1024.jpg 965w, https:\/\/www.orn.ee\/olu\/wp-content\/uploads\/2015\/06\/german-pils.jpg 1496w\" sizes=\"auto, (max-width: 283px) 100vw, 283px\" \/><\/a><a href=\"https:\/\/www.orn.ee\/olu\/wp-content\/uploads\/2015\/06\/silesian-lager.jpg\" data-rel=\"lightbox-image-1\" data-rl_title=\"\" data-rl_caption=\"\" title=\"\"><img loading=\"lazy\" decoding=\"async\" class=\"alignleft wp-image-190 size-medium\" src=\"https:\/\/www.orn.ee\/olu\/wp-content\/uploads\/2015\/06\/silesian-lager-284x300.jpg\" alt=\"Silesian Lager\" width=\"284\" height=\"300\" srcset=\"https:\/\/www.orn.ee\/olu\/wp-content\/uploads\/2015\/06\/silesian-lager-284x300.jpg 284w, https:\/\/www.orn.ee\/olu\/wp-content\/uploads\/2015\/06\/silesian-lager-968x1024.jpg 968w, https:\/\/www.orn.ee\/olu\/wp-content\/uploads\/2015\/06\/silesian-lager.jpg 1500w\" sizes=\"auto, (max-width: 284px) 100vw, 284px\" \/><\/a><\/p>\n<p>&nbsp;<\/p>\n<p>&nbsp;<\/p>\n<p>&nbsp;<\/p>\n<p>&nbsp;<\/p>\n<p>&nbsp;<\/p>\n<p>&nbsp;<\/p>\n<p><strong>All-in-one grain brewing system<\/strong><\/p>\n<p>Tulevikus peaks m\u00f5tlema ikkagi &#8220;p\u00e4ris&#8221; \u00f5lle tegemisele. Siin selleks \u00fcks ideaalne riistapuu. Tuleb raha koguma hakata.<\/p>\n<p><iframe loading=\"lazy\" title=\"Grainfather Features\" width=\"660\" height=\"371\" src=\"https:\/\/www.youtube.com\/embed\/pqlYSDyD07o?feature=oembed\" frameborder=\"0\" allow=\"accelerometer; autoplay; clipboard-write; encrypted-media; gyroscope; picture-in-picture; web-share\" referrerpolicy=\"strict-origin-when-cross-origin\" allowfullscreen><\/iframe><\/p>\n","protected":false},"excerpt":{"rendered":"<p>M\u00f5ned margid Pruulikeskusest (Tartus, tuleb online&#8217;ist tellida), mida v\u00f5iks proovida: Coopers Real Ale &#8211;\u00a0http:\/\/www.pruulikeskus.ee\/toode\/coopers-real-ale\/ Better Brew Czech Pilsner &#8211;\u00a0http:\/\/www.pruulikeskus.ee\/toode\/better-brew-czech-pilsner\/ Bulldog Brews Premium IPA &#8211;\u00a0http:\/\/www.pruulikeskus.ee\/toode\/bulldog-brews-premium-ipa\/ Paar uut marki Pruulmeistrites, mida j\u00e4rgmisena proovida Gozdawa Silesian Lager &#8211;\u00a0http:\/\/www.pruulmeistrid.ee\/uued-tooted\/gozdawa-silesian-lager-1-7kg-detail Gozdawa German Pils &#8211;\u00a0http:\/\/www.pruulmeistrid.ee\/uued-tooted\/gozdawa-german-pils-1-7kg-detail &nbsp; &nbsp; &nbsp; &nbsp; &nbsp; &nbsp; All-in-one grain brewing system Tulevikus peaks m\u00f5tlema ikkagi &#8220;p\u00e4ris&#8221; \u00f5lle &hellip; <a href=\"https:\/\/www.orn.ee\/olu\/muu\/\" class=\"more-link\">Loe edasi: <span class=\"screen-reader-text\">Muu<\/span><\/a><\/p>\n","protected":false},"author":1,"featured_media":0,"parent":0,"menu_order":60,"comment_status":"closed","ping_status":"closed","template":"","meta":{"_acf_changed":false,"footnotes":""},"class_list":["post-16","page","type-page","status-publish","hentry"],"acf":[],"yoast_head":"<!-- This site is optimized with the Yoast SEO plugin v27.3 - https:\/\/yoast.com\/product\/yoast-seo-wordpress\/ -->\n<title>Muu - Martini \u00f5lleteod<\/title>\n<meta name=\"description\" content=\"Lihtsalt h\u00e4id linke, m\u00f5tteid, ideid ja muud\" \/>\n<meta name=\"robots\" content=\"index, follow, max-snippet:-1, max-image-preview:large, max-video-preview:-1\" \/>\n<link rel=\"canonical\" href=\"https:\/\/www.orn.ee\/olu\/muu\/\" \/>\n<meta property=\"og:locale\" content=\"et_EE\" \/>\n<meta property=\"og:type\" content=\"article\" \/>\n<meta property=\"og:title\" content=\"Muu - Martini \u00f5lleteod\" \/>\n<meta property=\"og:description\" content=\"Lihtsalt h\u00e4id linke, m\u00f5tteid, ideid ja muud\" \/>\n<meta property=\"og:url\" content=\"https:\/\/www.orn.ee\/olu\/muu\/\" \/>\n<meta property=\"og:site_name\" content=\"Martini \u00d5lleteod\" \/>\n<meta property=\"article:modified_time\" content=\"2019-09-11T14:54:25+00:00\" \/>\n<meta property=\"og:image\" content=\"https:\/\/www.orn.ee\/olu\/wp-content\/uploads\/2015\/06\/german-pils-283x300.jpg\" \/>\n<meta name=\"twitter:card\" content=\"summary_large_image\" \/>\n<meta name=\"twitter:label1\" content=\"Est. reading time\" \/>\n\t<meta name=\"twitter:data1\" content=\"1 minut\" \/>\n<script type=\"application\/ld+json\" class=\"yoast-schema-graph\">{\"@context\":\"https:\\\/\\\/schema.org\",\"@graph\":[{\"@type\":\"WebPage\",\"@id\":\"https:\\\/\\\/www.orn.ee\\\/olu\\\/muu\\\/\",\"url\":\"https:\\\/\\\/www.orn.ee\\\/olu\\\/muu\\\/\",\"name\":\"Muu - Martini \u00f5lleteod\",\"isPartOf\":{\"@id\":\"https:\\\/\\\/www.orn.ee\\\/olu\\\/#website\"},\"primaryImageOfPage\":{\"@id\":\"https:\\\/\\\/www.orn.ee\\\/olu\\\/muu\\\/#primaryimage\"},\"image\":{\"@id\":\"https:\\\/\\\/www.orn.ee\\\/olu\\\/muu\\\/#primaryimage\"},\"thumbnailUrl\":\"https:\\\/\\\/www.orn.ee\\\/olu\\\/wp-content\\\/uploads\\\/2015\\\/06\\\/german-pils-283x300.jpg\",\"datePublished\":\"2015-06-16T20:33:33+00:00\",\"dateModified\":\"2019-09-11T14:54:25+00:00\",\"description\":\"Lihtsalt h\u00e4id linke, m\u00f5tteid, ideid ja muud\",\"breadcrumb\":{\"@id\":\"https:\\\/\\\/www.orn.ee\\\/olu\\\/muu\\\/#breadcrumb\"},\"inLanguage\":\"et\",\"potentialAction\":[{\"@type\":\"ReadAction\",\"target\":[\"https:\\\/\\\/www.orn.ee\\\/olu\\\/muu\\\/\"]}]},{\"@type\":\"ImageObject\",\"inLanguage\":\"et\",\"@id\":\"https:\\\/\\\/www.orn.ee\\\/olu\\\/muu\\\/#primaryimage\",\"url\":\"https:\\\/\\\/www.orn.ee\\\/olu\\\/wp-content\\\/uploads\\\/2015\\\/06\\\/german-pils.jpg\",\"contentUrl\":\"https:\\\/\\\/www.orn.ee\\\/olu\\\/wp-content\\\/uploads\\\/2015\\\/06\\\/german-pils.jpg\",\"width\":1496,\"height\":1587},{\"@type\":\"BreadcrumbList\",\"@id\":\"https:\\\/\\\/www.orn.ee\\\/olu\\\/muu\\\/#breadcrumb\",\"itemListElement\":[{\"@type\":\"ListItem\",\"position\":1,\"name\":\"Home\",\"item\":\"https:\\\/\\\/www.orn.ee\\\/olu\\\/\"},{\"@type\":\"ListItem\",\"position\":2,\"name\":\"Muu\"}]},{\"@type\":\"WebSite\",\"@id\":\"https:\\\/\\\/www.orn.ee\\\/olu\\\/#website\",\"url\":\"https:\\\/\\\/www.orn.ee\\\/olu\\\/\",\"name\":\"Martini \u00d5lleteod\",\"description\":\"Minu \u00f5lletegemise p\u00e4evik ja kasulikud nipid\",\"potentialAction\":[{\"@type\":\"SearchAction\",\"target\":{\"@type\":\"EntryPoint\",\"urlTemplate\":\"https:\\\/\\\/www.orn.ee\\\/olu\\\/?s={search_term_string}\"},\"query-input\":{\"@type\":\"PropertyValueSpecification\",\"valueRequired\":true,\"valueName\":\"search_term_string\"}}],\"inLanguage\":\"et\"}]}<\/script>\n<!-- \/ Yoast SEO plugin. -->","yoast_head_json":{"title":"Muu - Martini \u00f5lleteod","description":"Lihtsalt h\u00e4id linke, m\u00f5tteid, ideid ja muud","robots":{"index":"index","follow":"follow","max-snippet":"max-snippet:-1","max-image-preview":"max-image-preview:large","max-video-preview":"max-video-preview:-1"},"canonical":"https:\/\/www.orn.ee\/olu\/muu\/","og_locale":"et_EE","og_type":"article","og_title":"Muu - Martini \u00f5lleteod","og_description":"Lihtsalt h\u00e4id linke, m\u00f5tteid, ideid ja muud","og_url":"https:\/\/www.orn.ee\/olu\/muu\/","og_site_name":"Martini \u00d5lleteod","article_modified_time":"2019-09-11T14:54:25+00:00","og_image":[{"url":"https:\/\/www.orn.ee\/olu\/wp-content\/uploads\/2015\/06\/german-pils-283x300.jpg","type":"","width":"","height":""}],"twitter_card":"summary_large_image","twitter_misc":{"Est. reading time":"1 minut"},"schema":{"@context":"https:\/\/schema.org","@graph":[{"@type":"WebPage","@id":"https:\/\/www.orn.ee\/olu\/muu\/","url":"https:\/\/www.orn.ee\/olu\/muu\/","name":"Muu - Martini \u00f5lleteod","isPartOf":{"@id":"https:\/\/www.orn.ee\/olu\/#website"},"primaryImageOfPage":{"@id":"https:\/\/www.orn.ee\/olu\/muu\/#primaryimage"},"image":{"@id":"https:\/\/www.orn.ee\/olu\/muu\/#primaryimage"},"thumbnailUrl":"https:\/\/www.orn.ee\/olu\/wp-content\/uploads\/2015\/06\/german-pils-283x300.jpg","datePublished":"2015-06-16T20:33:33+00:00","dateModified":"2019-09-11T14:54:25+00:00","description":"Lihtsalt h\u00e4id linke, m\u00f5tteid, ideid ja muud","breadcrumb":{"@id":"https:\/\/www.orn.ee\/olu\/muu\/#breadcrumb"},"inLanguage":"et","potentialAction":[{"@type":"ReadAction","target":["https:\/\/www.orn.ee\/olu\/muu\/"]}]},{"@type":"ImageObject","inLanguage":"et","@id":"https:\/\/www.orn.ee\/olu\/muu\/#primaryimage","url":"https:\/\/www.orn.ee\/olu\/wp-content\/uploads\/2015\/06\/german-pils.jpg","contentUrl":"https:\/\/www.orn.ee\/olu\/wp-content\/uploads\/2015\/06\/german-pils.jpg","width":1496,"height":1587},{"@type":"BreadcrumbList","@id":"https:\/\/www.orn.ee\/olu\/muu\/#breadcrumb","itemListElement":[{"@type":"ListItem","position":1,"name":"Home","item":"https:\/\/www.orn.ee\/olu\/"},{"@type":"ListItem","position":2,"name":"Muu"}]},{"@type":"WebSite","@id":"https:\/\/www.orn.ee\/olu\/#website","url":"https:\/\/www.orn.ee\/olu\/","name":"Martini \u00d5lleteod","description":"Minu \u00f5lletegemise p\u00e4evik ja kasulikud nipid","potentialAction":[{"@type":"SearchAction","target":{"@type":"EntryPoint","urlTemplate":"https:\/\/www.orn.ee\/olu\/?s={search_term_string}"},"query-input":{"@type":"PropertyValueSpecification","valueRequired":true,"valueName":"search_term_string"}}],"inLanguage":"et"}]}},"_links":{"self":[{"href":"https:\/\/www.orn.ee\/olu\/wp-json\/wp\/v2\/pages\/16","targetHints":{"allow":["GET"]}}],"collection":[{"href":"https:\/\/www.orn.ee\/olu\/wp-json\/wp\/v2\/pages"}],"about":[{"href":"https:\/\/www.orn.ee\/olu\/wp-json\/wp\/v2\/types\/page"}],"author":[{"embeddable":true,"href":"https:\/\/www.orn.ee\/olu\/wp-json\/wp\/v2\/users\/1"}],"replies":[{"embeddable":true,"href":"https:\/\/www.orn.ee\/olu\/wp-json\/wp\/v2\/comments?post=16"}],"version-history":[{"count":5,"href":"https:\/\/www.orn.ee\/olu\/wp-json\/wp\/v2\/pages\/16\/revisions"}],"predecessor-version":[{"id":230,"href":"https:\/\/www.orn.ee\/olu\/wp-json\/wp\/v2\/pages\/16\/revisions\/230"}],"wp:attachment":[{"href":"https:\/\/www.orn.ee\/olu\/wp-json\/wp\/v2\/media?parent=16"}],"curies":[{"name":"wp","href":"https:\/\/api.w.org\/{rel}","templated":true}]}}