{"id":14,"date":"2015-06-16T23:32:57","date_gmt":"2015-06-16T20:32:57","guid":{"rendered":"https:\/\/www.orn.ee\/olu\/?page_id=14"},"modified":"2016-02-23T18:50:19","modified_gmt":"2016-02-23T16:50:19","slug":"olulised-eksimused-ja-meelespead","status":"publish","type":"page","link":"https:\/\/www.orn.ee\/olu\/olulised-eksimused-ja-meelespead\/","title":{"rendered":"Olulised eksimused ja meelespead"},"content":{"rendered":"<p>Kui avastan \u00f5lletegemise k\u00e4igus olulisi eksimusi v\u00f5i m\u00f6\u00f6dapanekuid, siis panen need siia kirja, et neist \u00f5ppida ja edaspidi v\u00e4ltida&#8230;<\/p>\n<blockquote><p>Keeda alati vesi eelmisel p\u00e4eval \u00e4ra, et see j\u00f5uaks jahtuda. \u00c4ra j\u00e4ta seda viimasele hetkele.<\/p>\n<p>Kui jaheda vee lisamisel j\u00e4\u00e4b temperatuur k\u00f5rgeks, siis j\u00e4ta omale aega, et j\u00f5uaksid jahtumist oodata, et p\u00e4rmi lisada. Kui see j\u00e4\u00e4b \u00f6\u00f6 peale, siis on jama.<\/p>\n<figure id=\"attachment_148\" aria-describedby=\"caption-attachment-148\" style=\"width: 300px\" class=\"wp-caption alignnone\"><a href=\"https:\/\/www.orn.ee\/olu\/wp-content\/uploads\/2015\/06\/IMG_2469.jpg\" data-rel=\"lightbox-image-0\" data-rl_title=\"\" data-rl_caption=\"\" title=\"\"><img loading=\"lazy\" decoding=\"async\" class=\"size-medium wp-image-148\" src=\"https:\/\/www.orn.ee\/olu\/wp-content\/uploads\/2015\/06\/IMG_2469-300x225.jpg\" alt=\"Jahutamiseks v\u00f5ib kasutada suurt vanni k\u00fclma veega\" width=\"300\" height=\"225\" srcset=\"https:\/\/www.orn.ee\/olu\/wp-content\/uploads\/2015\/06\/IMG_2469-300x225.jpg 300w, https:\/\/www.orn.ee\/olu\/wp-content\/uploads\/2015\/06\/IMG_2469-1024x768.jpg 1024w\" sizes=\"auto, (max-width: 300px) 100vw, 300px\" \/><\/a><figcaption id=\"caption-attachment-148\" class=\"wp-caption-text\">Jahutamiseks v\u00f5ib kasutada suurt vanni k\u00fclma veega<\/figcaption><\/figure>\n<p>\u00c4ra unusta <span style=\"text-decoration: underline;\">enne p\u00e4rmi lisamist<\/span> h\u00fcdromeetriga m\u00f5\u00f5ta! P\u00e4rast pole n\u00e4ite kusagilt v\u00f5tta.<\/p>\n<p>Kui paned pudelid villimiseks valmis, siis \u00e4ra unusta enne suhkrut pudelip\u00f5hja lisada.<\/p>\n<p>Vaata, et kodus oleks piisavalt suhkrut, enne kui villima hakkad.<\/p>\n<p>\u00c4ra vala kunagi keedetud vett otse potist v\u00f5i veekeetjast k\u00e4\u00e4rimisn\u00f5usse vaid kasuta s\u00f5ela.<\/p>\n<p><a href=\"https:\/\/www.orn.ee\/olu\/wp-content\/uploads\/2015\/06\/IMG_2466.jpg\" data-rel=\"lightbox-image-1\" data-rl_title=\"\" data-rl_caption=\"\" title=\"\"><img loading=\"lazy\" decoding=\"async\" class=\"alignnone wp-image-147 size-medium\" src=\"https:\/\/www.orn.ee\/olu\/wp-content\/uploads\/2015\/06\/IMG_2466-300x225.jpg\" alt=\"Vesi vala l\u00e4bi s\u00f5ela\" width=\"300\" height=\"225\" srcset=\"https:\/\/www.orn.ee\/olu\/wp-content\/uploads\/2015\/06\/IMG_2466-300x225.jpg 300w, https:\/\/www.orn.ee\/olu\/wp-content\/uploads\/2015\/06\/IMG_2466-1024x768.jpg 1024w\" sizes=\"auto, (max-width: 300px) 100vw, 300px\" \/><\/a><\/p>\n<p>Kui \u00f5petuses on kirjas, et lisa k\u00e4\u00e4rimisn\u00f5usse nii kontsentraat kui ka suhkur kohe alguses korraga sisse ja alles siis kuum vesi peale, siis nii \u00e4ra tee! Suhkur t\u00f5mbab k\u00e4nkraks ja ei lahustugi enam \u00e4ra. Pane alati mingi osa kuuma vett alla, vaikselt kontsentraat sisse, korralikult segada, siis vaikselt pudistades suhkur peale ja siis veel kuuma vett, kui suhkur \u00e4ra ei lahustu.<\/p>\n<p>Lugesin foorumist, et p\u00e4rast villimist v\u00f5iks pudeleid kauem toasoojas hoida. See pidavat \u00f5lle selgemaks tegema. Liiga vara k\u00fclma viimine v\u00f5ib \u00f5lle h\u00e4guseks j\u00e4tta.<\/p>\n<p>Vala jahedat vett n\u00f5usse (23-liitri m\u00e4rgini) alati tasasel\u00a0pinnal. K\u00f6\u00f6gi tooli peal (nagu mul juhtus) valades v\u00f5ib panna m\u00f6\u00f6da ligi 2 liitriga ja \u00f5lu tuleb lahja.<\/p>\n<p>Kui jaheda vee n\u00f5usse valamisel (aereerimise saavutamiseks) tekib liiga palju vahtu, siis oota vahu mahalangemist v\u00f5i eemalda see vahukulbiga, et vaht ei satuks kaane vahele, mis v\u00f5ib tekitada hallitust.<\/p>\n<p>\u00c4ra kunagi kasuta pudelisse villimisel moosisuhkrut. See ei tekita karboniseerumist vaid pigem konserveerib \u00f5lles igasugused protsessid ja \u00f5lu l\u00e4heb hukka.<\/p>\n<p>\u00dcrita augustis-septembris enne villimist h\u00e4vitada k\u00f6\u00f6gist \u00e4\u00e4dikak\u00e4rbsed. Need v\u00f5ivad palju pahandust tekitada, kui pudelisse satuvad.<\/p>\n<p>Kui lisad humalagraanulid otse n\u00f5usse (ilma sukata), siis filtreeri enne villimist \u00f5lu l\u00e4bi marli v\u00f5i suka teise n\u00f5usse. Saab \u00fcleliigsest sodist lahti ja tulemus selgem.<\/p>\n<p>Kui valad pudeli klaasi t\u00fchjaks, siis loputa alati kohe veega see \u00e4ra. See v\u00e4ldib igasugu pisilaste teket pudeli p\u00f5hja ja hilisem pesemine l\u00e4heb oluliselt lihtsamalt.<\/p>\n<p>Hoia valmistoodangut k\u00fclmas v\u00f5imalikult kaua, enne kui tarbima hakkad. Senine kogemus n\u00e4itab, et mida kauem on \u00f5lu k\u00fclmas olnud, seda paremaks ta l\u00e4heb. Kannata \u00e4ra! Osta vahepeal poe \u00f5lut, aga \u00e4ra joo poolvalminud kraami \u00e4ra!<\/p>\n<p>\u00c4ra p\u00fc\u00fca kunagi suhkrut n\u00f5usse raputada l\u00e4bi s\u00f5ela, nagu seda jahuga on v\u00f5imalik teha, n\u00e4iteks p\u00e4rmitaigna tegemisel. \u00d5llen\u00f5ust \u00fcles t\u00f5usev kuum aur sulatab koheselt suhkru s\u00f5ela k\u00fclge kinni ja \u00fckski tera ei p\u00e4\u00e4se enam l\u00e4bi.<\/p><\/blockquote>\n","protected":false},"excerpt":{"rendered":"<p>Kui avastan \u00f5lletegemise k\u00e4igus olulisi eksimusi v\u00f5i m\u00f6\u00f6dapanekuid, siis panen need siia kirja, et neist \u00f5ppida ja edaspidi v\u00e4ltida&#8230; Keeda alati vesi eelmisel p\u00e4eval \u00e4ra, et see j\u00f5uaks jahtuda. \u00c4ra j\u00e4ta seda viimasele hetkele. Kui jaheda vee lisamisel j\u00e4\u00e4b temperatuur k\u00f5rgeks, siis j\u00e4ta omale aega, et j\u00f5uaksid jahtumist oodata, et p\u00e4rmi lisada. Kui see j\u00e4\u00e4b &hellip; <a href=\"https:\/\/www.orn.ee\/olu\/olulised-eksimused-ja-meelespead\/\" class=\"more-link\">Loe edasi: <span class=\"screen-reader-text\">Olulised eksimused ja meelespead<\/span><\/a><\/p>\n","protected":false},"author":1,"featured_media":0,"parent":0,"menu_order":40,"comment_status":"closed","ping_status":"closed","template":"","meta":{"_acf_changed":false,"footnotes":""},"class_list":["post-14","page","type-page","status-publish","hentry"],"acf":[],"yoast_head":"<!-- This site is optimized with the Yoast SEO plugin v27.3 - https:\/\/yoast.com\/product\/yoast-seo-wordpress\/ -->\n<title>Olulised eksimused ja meelespead - Martini \u00d5lleteod<\/title>\n<meta name=\"robots\" content=\"index, follow, max-snippet:-1, max-image-preview:large, max-video-preview:-1\" \/>\n<link rel=\"canonical\" href=\"https:\/\/www.orn.ee\/olu\/olulised-eksimused-ja-meelespead\/\" \/>\n<meta property=\"og:locale\" content=\"et_EE\" \/>\n<meta property=\"og:type\" content=\"article\" \/>\n<meta property=\"og:title\" content=\"Olulised eksimused ja meelespead - Martini \u00d5lleteod\" \/>\n<meta property=\"og:description\" content=\"Kui avastan \u00f5lletegemise k\u00e4igus olulisi eksimusi v\u00f5i m\u00f6\u00f6dapanekuid, siis panen need siia kirja, et neist \u00f5ppida ja edaspidi v\u00e4ltida&#8230; Keeda alati vesi eelmisel p\u00e4eval \u00e4ra, et see j\u00f5uaks jahtuda. \u00c4ra j\u00e4ta seda viimasele hetkele. Kui jaheda vee lisamisel j\u00e4\u00e4b temperatuur k\u00f5rgeks, siis j\u00e4ta omale aega, et j\u00f5uaksid jahtumist oodata, et p\u00e4rmi lisada. Kui see j\u00e4\u00e4b &hellip; Loe edasi: Olulised eksimused ja meelespead\" \/>\n<meta property=\"og:url\" content=\"https:\/\/www.orn.ee\/olu\/olulised-eksimused-ja-meelespead\/\" \/>\n<meta property=\"og:site_name\" content=\"Martini \u00d5lleteod\" \/>\n<meta property=\"article:modified_time\" content=\"2016-02-23T16:50:19+00:00\" \/>\n<meta property=\"og:image\" content=\"https:\/\/www.orn.ee\/olu\/wp-content\/uploads\/2015\/06\/IMG_2469-300x225.jpg\" \/>\n<meta name=\"twitter:card\" content=\"summary_large_image\" \/>\n<meta name=\"twitter:label1\" content=\"Est. reading time\" \/>\n\t<meta name=\"twitter:data1\" content=\"2 minutit\" \/>\n<script type=\"application\/ld+json\" class=\"yoast-schema-graph\">{\"@context\":\"https:\\\/\\\/schema.org\",\"@graph\":[{\"@type\":\"WebPage\",\"@id\":\"https:\\\/\\\/www.orn.ee\\\/olu\\\/olulised-eksimused-ja-meelespead\\\/\",\"url\":\"https:\\\/\\\/www.orn.ee\\\/olu\\\/olulised-eksimused-ja-meelespead\\\/\",\"name\":\"Olulised eksimused ja meelespead - Martini \u00d5lleteod\",\"isPartOf\":{\"@id\":\"https:\\\/\\\/www.orn.ee\\\/olu\\\/#website\"},\"primaryImageOfPage\":{\"@id\":\"https:\\\/\\\/www.orn.ee\\\/olu\\\/olulised-eksimused-ja-meelespead\\\/#primaryimage\"},\"image\":{\"@id\":\"https:\\\/\\\/www.orn.ee\\\/olu\\\/olulised-eksimused-ja-meelespead\\\/#primaryimage\"},\"thumbnailUrl\":\"https:\\\/\\\/www.orn.ee\\\/olu\\\/wp-content\\\/uploads\\\/2015\\\/06\\\/IMG_2469-300x225.jpg\",\"datePublished\":\"2015-06-16T20:32:57+00:00\",\"dateModified\":\"2016-02-23T16:50:19+00:00\",\"breadcrumb\":{\"@id\":\"https:\\\/\\\/www.orn.ee\\\/olu\\\/olulised-eksimused-ja-meelespead\\\/#breadcrumb\"},\"inLanguage\":\"et\",\"potentialAction\":[{\"@type\":\"ReadAction\",\"target\":[\"https:\\\/\\\/www.orn.ee\\\/olu\\\/olulised-eksimused-ja-meelespead\\\/\"]}]},{\"@type\":\"ImageObject\",\"inLanguage\":\"et\",\"@id\":\"https:\\\/\\\/www.orn.ee\\\/olu\\\/olulised-eksimused-ja-meelespead\\\/#primaryimage\",\"url\":\"https:\\\/\\\/www.orn.ee\\\/olu\\\/wp-content\\\/uploads\\\/2015\\\/06\\\/IMG_2469.jpg\",\"contentUrl\":\"https:\\\/\\\/www.orn.ee\\\/olu\\\/wp-content\\\/uploads\\\/2015\\\/06\\\/IMG_2469.jpg\",\"width\":3264,\"height\":2448,\"caption\":\"Jahutamiseks v\u00f5ib kasutada suurt vanni k\u00fclma veega\"},{\"@type\":\"BreadcrumbList\",\"@id\":\"https:\\\/\\\/www.orn.ee\\\/olu\\\/olulised-eksimused-ja-meelespead\\\/#breadcrumb\",\"itemListElement\":[{\"@type\":\"ListItem\",\"position\":1,\"name\":\"Home\",\"item\":\"https:\\\/\\\/www.orn.ee\\\/olu\\\/\"},{\"@type\":\"ListItem\",\"position\":2,\"name\":\"Olulised eksimused ja meelespead\"}]},{\"@type\":\"WebSite\",\"@id\":\"https:\\\/\\\/www.orn.ee\\\/olu\\\/#website\",\"url\":\"https:\\\/\\\/www.orn.ee\\\/olu\\\/\",\"name\":\"Martini \u00d5lleteod\",\"description\":\"Minu \u00f5lletegemise p\u00e4evik ja kasulikud nipid\",\"potentialAction\":[{\"@type\":\"SearchAction\",\"target\":{\"@type\":\"EntryPoint\",\"urlTemplate\":\"https:\\\/\\\/www.orn.ee\\\/olu\\\/?s={search_term_string}\"},\"query-input\":{\"@type\":\"PropertyValueSpecification\",\"valueRequired\":true,\"valueName\":\"search_term_string\"}}],\"inLanguage\":\"et\"}]}<\/script>\n<!-- \/ Yoast SEO plugin. -->","yoast_head_json":{"title":"Olulised eksimused ja meelespead - Martini \u00d5lleteod","robots":{"index":"index","follow":"follow","max-snippet":"max-snippet:-1","max-image-preview":"max-image-preview:large","max-video-preview":"max-video-preview:-1"},"canonical":"https:\/\/www.orn.ee\/olu\/olulised-eksimused-ja-meelespead\/","og_locale":"et_EE","og_type":"article","og_title":"Olulised eksimused ja meelespead - Martini \u00d5lleteod","og_description":"Kui avastan \u00f5lletegemise k\u00e4igus olulisi eksimusi v\u00f5i m\u00f6\u00f6dapanekuid, siis panen need siia kirja, et neist \u00f5ppida ja edaspidi v\u00e4ltida&#8230; Keeda alati vesi eelmisel p\u00e4eval \u00e4ra, et see j\u00f5uaks jahtuda. \u00c4ra j\u00e4ta seda viimasele hetkele. Kui jaheda vee lisamisel j\u00e4\u00e4b temperatuur k\u00f5rgeks, siis j\u00e4ta omale aega, et j\u00f5uaksid jahtumist oodata, et p\u00e4rmi lisada. Kui see j\u00e4\u00e4b &hellip; Loe edasi: Olulised eksimused ja meelespead","og_url":"https:\/\/www.orn.ee\/olu\/olulised-eksimused-ja-meelespead\/","og_site_name":"Martini \u00d5lleteod","article_modified_time":"2016-02-23T16:50:19+00:00","og_image":[{"url":"https:\/\/www.orn.ee\/olu\/wp-content\/uploads\/2015\/06\/IMG_2469-300x225.jpg","type":"","width":"","height":""}],"twitter_card":"summary_large_image","twitter_misc":{"Est. reading time":"2 minutit"},"schema":{"@context":"https:\/\/schema.org","@graph":[{"@type":"WebPage","@id":"https:\/\/www.orn.ee\/olu\/olulised-eksimused-ja-meelespead\/","url":"https:\/\/www.orn.ee\/olu\/olulised-eksimused-ja-meelespead\/","name":"Olulised eksimused ja meelespead - Martini \u00d5lleteod","isPartOf":{"@id":"https:\/\/www.orn.ee\/olu\/#website"},"primaryImageOfPage":{"@id":"https:\/\/www.orn.ee\/olu\/olulised-eksimused-ja-meelespead\/#primaryimage"},"image":{"@id":"https:\/\/www.orn.ee\/olu\/olulised-eksimused-ja-meelespead\/#primaryimage"},"thumbnailUrl":"https:\/\/www.orn.ee\/olu\/wp-content\/uploads\/2015\/06\/IMG_2469-300x225.jpg","datePublished":"2015-06-16T20:32:57+00:00","dateModified":"2016-02-23T16:50:19+00:00","breadcrumb":{"@id":"https:\/\/www.orn.ee\/olu\/olulised-eksimused-ja-meelespead\/#breadcrumb"},"inLanguage":"et","potentialAction":[{"@type":"ReadAction","target":["https:\/\/www.orn.ee\/olu\/olulised-eksimused-ja-meelespead\/"]}]},{"@type":"ImageObject","inLanguage":"et","@id":"https:\/\/www.orn.ee\/olu\/olulised-eksimused-ja-meelespead\/#primaryimage","url":"https:\/\/www.orn.ee\/olu\/wp-content\/uploads\/2015\/06\/IMG_2469.jpg","contentUrl":"https:\/\/www.orn.ee\/olu\/wp-content\/uploads\/2015\/06\/IMG_2469.jpg","width":3264,"height":2448,"caption":"Jahutamiseks v\u00f5ib kasutada suurt vanni k\u00fclma veega"},{"@type":"BreadcrumbList","@id":"https:\/\/www.orn.ee\/olu\/olulised-eksimused-ja-meelespead\/#breadcrumb","itemListElement":[{"@type":"ListItem","position":1,"name":"Home","item":"https:\/\/www.orn.ee\/olu\/"},{"@type":"ListItem","position":2,"name":"Olulised eksimused ja meelespead"}]},{"@type":"WebSite","@id":"https:\/\/www.orn.ee\/olu\/#website","url":"https:\/\/www.orn.ee\/olu\/","name":"Martini \u00d5lleteod","description":"Minu \u00f5lletegemise p\u00e4evik ja kasulikud nipid","potentialAction":[{"@type":"SearchAction","target":{"@type":"EntryPoint","urlTemplate":"https:\/\/www.orn.ee\/olu\/?s={search_term_string}"},"query-input":{"@type":"PropertyValueSpecification","valueRequired":true,"valueName":"search_term_string"}}],"inLanguage":"et"}]}},"_links":{"self":[{"href":"https:\/\/www.orn.ee\/olu\/wp-json\/wp\/v2\/pages\/14","targetHints":{"allow":["GET"]}}],"collection":[{"href":"https:\/\/www.orn.ee\/olu\/wp-json\/wp\/v2\/pages"}],"about":[{"href":"https:\/\/www.orn.ee\/olu\/wp-json\/wp\/v2\/types\/page"}],"author":[{"embeddable":true,"href":"https:\/\/www.orn.ee\/olu\/wp-json\/wp\/v2\/users\/1"}],"replies":[{"embeddable":true,"href":"https:\/\/www.orn.ee\/olu\/wp-json\/wp\/v2\/comments?post=14"}],"version-history":[{"count":5,"href":"https:\/\/www.orn.ee\/olu\/wp-json\/wp\/v2\/pages\/14\/revisions"}],"predecessor-version":[{"id":901,"href":"https:\/\/www.orn.ee\/olu\/wp-json\/wp\/v2\/pages\/14\/revisions\/901"}],"wp:attachment":[{"href":"https:\/\/www.orn.ee\/olu\/wp-json\/wp\/v2\/media?parent=14"}],"curies":[{"name":"wp","href":"https:\/\/api.w.org\/{rel}","templated":true}]}}