{"id":12,"date":"2015-06-16T23:31:55","date_gmt":"2015-06-16T20:31:55","guid":{"rendered":"https:\/\/www.orn.ee\/olu\/?page_id=12"},"modified":"2015-10-12T21:53:42","modified_gmt":"2015-10-12T18:53:42","slug":"head-lingid","status":"publish","type":"page","link":"https:\/\/www.orn.ee\/olu\/head-lingid\/","title":{"rendered":"Head lingid"},"content":{"rendered":"<p>Kui miskit\u00a0head ja kasulikku j\u00e4\u00e4b silma, siis panen selle siia kirja.<\/p>\n<ul>\n<li><a href=\"https:\/\/www.youtube.com\/channel\/UCpV9b7-zOg-fZksrKtk-Zxw\" target=\"_blank\">whatsbrewinguk<\/a><\/li>\n<li><a href=\"https:\/\/www.youtube.com\/channel\/UCF39B21wzKN4cV0S_8rCJbg\" target=\"_blank\">Coopers Brewery TV<\/a><\/li>\n<li><a href=\"http:\/\/mangrovejacks.com\/\" target=\"_blank\">Mangrove Jack&#8217;s<\/a><\/li>\n<li><a href=\"https:\/\/www.brouwland.com\/en\/brewferm\" target=\"_blank\">Brewferm<\/a><\/li>\n<li><a href=\"http:\/\/www.brewmaker.com.au\/\" target=\"_blank\">Brewmaker<\/a><\/li>\n<li><a href=\"http:\/\/www.muntons.com\/\" target=\"_blank\">Muntons<\/a><\/li>\n<li><a href=\"http:\/\/www.pruulimine.ee\/foorum\/\" target=\"_blank\">Pruulimine.ee foorum<\/a><\/li>\n<li><a href=\"http:\/\/www.rooftopbrew.net\/abv.php\">Kalkulaator, mis arvestab ka temperatuuriga<\/a><\/li>\n<\/ul>\n<p>&nbsp;<\/p>\n<p>&nbsp;<\/p>\n","protected":false},"excerpt":{"rendered":"<p>Kui miskit\u00a0head ja kasulikku j\u00e4\u00e4b silma, siis panen selle siia kirja. whatsbrewinguk Coopers Brewery TV Mangrove Jack&#8217;s Brewferm Brewmaker Muntons Pruulimine.ee foorum Kalkulaator, mis arvestab ka temperatuuriga &nbsp; &nbsp;<\/p>\n","protected":false},"author":1,"featured_media":0,"parent":0,"menu_order":30,"comment_status":"closed","ping_status":"closed","template":"","meta":{"_acf_changed":false,"footnotes":""},"class_list":["post-12","page","type-page","status-publish","hentry"],"acf":[],"yoast_head":"<!-- This site is optimized with the Yoast SEO plugin v27.3 - https:\/\/yoast.com\/product\/yoast-seo-wordpress\/ -->\n<title>Head lingid - Martini \u00d5lleteod<\/title>\n<meta name=\"robots\" content=\"index, follow, max-snippet:-1, max-image-preview:large, max-video-preview:-1\" \/>\n<link rel=\"canonical\" href=\"https:\/\/www.orn.ee\/olu\/head-lingid\/\" \/>\n<meta property=\"og:locale\" content=\"et_EE\" \/>\n<meta property=\"og:type\" content=\"article\" \/>\n<meta property=\"og:title\" content=\"Head lingid - Martini \u00d5lleteod\" \/>\n<meta property=\"og:description\" content=\"Kui miskit\u00a0head ja kasulikku j\u00e4\u00e4b silma, siis panen selle siia kirja. whatsbrewinguk Coopers Brewery TV Mangrove Jack&#8217;s Brewferm Brewmaker Muntons Pruulimine.ee foorum Kalkulaator, mis arvestab ka temperatuuriga &nbsp; &nbsp;\" \/>\n<meta property=\"og:url\" content=\"https:\/\/www.orn.ee\/olu\/head-lingid\/\" \/>\n<meta property=\"og:site_name\" content=\"Martini \u00d5lleteod\" \/>\n<meta property=\"article:modified_time\" content=\"2015-10-12T18:53:42+00:00\" \/>\n<meta name=\"twitter:card\" content=\"summary_large_image\" \/>\n<script type=\"application\/ld+json\" class=\"yoast-schema-graph\">{\"@context\":\"https:\\\/\\\/schema.org\",\"@graph\":[{\"@type\":\"WebPage\",\"@id\":\"https:\\\/\\\/www.orn.ee\\\/olu\\\/head-lingid\\\/\",\"url\":\"https:\\\/\\\/www.orn.ee\\\/olu\\\/head-lingid\\\/\",\"name\":\"Head lingid - Martini \u00d5lleteod\",\"isPartOf\":{\"@id\":\"https:\\\/\\\/www.orn.ee\\\/olu\\\/#website\"},\"datePublished\":\"2015-06-16T20:31:55+00:00\",\"dateModified\":\"2015-10-12T18:53:42+00:00\",\"breadcrumb\":{\"@id\":\"https:\\\/\\\/www.orn.ee\\\/olu\\\/head-lingid\\\/#breadcrumb\"},\"inLanguage\":\"et\",\"potentialAction\":[{\"@type\":\"ReadAction\",\"target\":[\"https:\\\/\\\/www.orn.ee\\\/olu\\\/head-lingid\\\/\"]}]},{\"@type\":\"BreadcrumbList\",\"@id\":\"https:\\\/\\\/www.orn.ee\\\/olu\\\/head-lingid\\\/#breadcrumb\",\"itemListElement\":[{\"@type\":\"ListItem\",\"position\":1,\"name\":\"Home\",\"item\":\"https:\\\/\\\/www.orn.ee\\\/olu\\\/\"},{\"@type\":\"ListItem\",\"position\":2,\"name\":\"Head lingid\"}]},{\"@type\":\"WebSite\",\"@id\":\"https:\\\/\\\/www.orn.ee\\\/olu\\\/#website\",\"url\":\"https:\\\/\\\/www.orn.ee\\\/olu\\\/\",\"name\":\"Martini \u00d5lleteod\",\"description\":\"Minu \u00f5lletegemise p\u00e4evik ja kasulikud nipid\",\"potentialAction\":[{\"@type\":\"SearchAction\",\"target\":{\"@type\":\"EntryPoint\",\"urlTemplate\":\"https:\\\/\\\/www.orn.ee\\\/olu\\\/?s={search_term_string}\"},\"query-input\":{\"@type\":\"PropertyValueSpecification\",\"valueRequired\":true,\"valueName\":\"search_term_string\"}}],\"inLanguage\":\"et\"}]}<\/script>\n<!-- \/ Yoast SEO plugin. -->","yoast_head_json":{"title":"Head lingid - Martini \u00d5lleteod","robots":{"index":"index","follow":"follow","max-snippet":"max-snippet:-1","max-image-preview":"max-image-preview:large","max-video-preview":"max-video-preview:-1"},"canonical":"https:\/\/www.orn.ee\/olu\/head-lingid\/","og_locale":"et_EE","og_type":"article","og_title":"Head lingid - Martini \u00d5lleteod","og_description":"Kui miskit\u00a0head ja kasulikku j\u00e4\u00e4b silma, siis panen selle siia kirja. whatsbrewinguk Coopers Brewery TV Mangrove Jack&#8217;s Brewferm Brewmaker Muntons Pruulimine.ee foorum Kalkulaator, mis arvestab ka temperatuuriga &nbsp; &nbsp;","og_url":"https:\/\/www.orn.ee\/olu\/head-lingid\/","og_site_name":"Martini \u00d5lleteod","article_modified_time":"2015-10-12T18:53:42+00:00","twitter_card":"summary_large_image","schema":{"@context":"https:\/\/schema.org","@graph":[{"@type":"WebPage","@id":"https:\/\/www.orn.ee\/olu\/head-lingid\/","url":"https:\/\/www.orn.ee\/olu\/head-lingid\/","name":"Head lingid - Martini \u00d5lleteod","isPartOf":{"@id":"https:\/\/www.orn.ee\/olu\/#website"},"datePublished":"2015-06-16T20:31:55+00:00","dateModified":"2015-10-12T18:53:42+00:00","breadcrumb":{"@id":"https:\/\/www.orn.ee\/olu\/head-lingid\/#breadcrumb"},"inLanguage":"et","potentialAction":[{"@type":"ReadAction","target":["https:\/\/www.orn.ee\/olu\/head-lingid\/"]}]},{"@type":"BreadcrumbList","@id":"https:\/\/www.orn.ee\/olu\/head-lingid\/#breadcrumb","itemListElement":[{"@type":"ListItem","position":1,"name":"Home","item":"https:\/\/www.orn.ee\/olu\/"},{"@type":"ListItem","position":2,"name":"Head lingid"}]},{"@type":"WebSite","@id":"https:\/\/www.orn.ee\/olu\/#website","url":"https:\/\/www.orn.ee\/olu\/","name":"Martini \u00d5lleteod","description":"Minu \u00f5lletegemise p\u00e4evik ja kasulikud nipid","potentialAction":[{"@type":"SearchAction","target":{"@type":"EntryPoint","urlTemplate":"https:\/\/www.orn.ee\/olu\/?s={search_term_string}"},"query-input":{"@type":"PropertyValueSpecification","valueRequired":true,"valueName":"search_term_string"}}],"inLanguage":"et"}]}},"_links":{"self":[{"href":"https:\/\/www.orn.ee\/olu\/wp-json\/wp\/v2\/pages\/12","targetHints":{"allow":["GET"]}}],"collection":[{"href":"https:\/\/www.orn.ee\/olu\/wp-json\/wp\/v2\/pages"}],"about":[{"href":"https:\/\/www.orn.ee\/olu\/wp-json\/wp\/v2\/types\/page"}],"author":[{"embeddable":true,"href":"https:\/\/www.orn.ee\/olu\/wp-json\/wp\/v2\/users\/1"}],"replies":[{"embeddable":true,"href":"https:\/\/www.orn.ee\/olu\/wp-json\/wp\/v2\/comments?post=12"}],"version-history":[{"count":5,"href":"https:\/\/www.orn.ee\/olu\/wp-json\/wp\/v2\/pages\/12\/revisions"}],"predecessor-version":[{"id":606,"href":"https:\/\/www.orn.ee\/olu\/wp-json\/wp\/v2\/pages\/12\/revisions\/606"}],"wp:attachment":[{"href":"https:\/\/www.orn.ee\/olu\/wp-json\/wp\/v2\/media?parent=12"}],"curies":[{"name":"wp","href":"https:\/\/api.w.org\/{rel}","templated":true}]}}