{"id":10,"date":"2015-06-16T23:31:22","date_gmt":"2015-06-16T20:31:22","guid":{"rendered":"https:\/\/www.orn.ee\/olu\/?page_id=10"},"modified":"2015-07-10T01:47:29","modified_gmt":"2015-07-09T22:47:29","slug":"muugikohad","status":"publish","type":"page","link":"https:\/\/www.orn.ee\/olu\/muugikohad\/","title":{"rendered":"M\u00fc\u00fcgikohad"},"content":{"rendered":"<p>Siia panen kirja viited heade m\u00fc\u00fcgikohtade kohta nii meilt kui mujalt.<\/p>\n<p>Hetkel kasutan peamiselt Tallinna poodide teenuseid, aga tulevikus v\u00f5iks sobiva hinna korral m\u00f5elda ka v\u00e4lismaistele tarnijatele.<\/p>\n<ul>\n<li>Pruulmeistrid &#8211; <a href=\"http:\/\/www.pruulmeistrid.ee\/\" target=\"_blank\">www.pruulmeistrid.ee<\/a><\/li>\n<li>Pruulimine.ee &#8211; <a href=\"http:\/\/www.pruulimine.ee\/\" target=\"_blank\">www.pruulimine.ee<\/a><\/li>\n<li>Pruulikeskus Gambrinus (Tartus) &#8211;\u00a0<a href=\"http:\/\/www.pruulikeskus.ee\/\">www.pruulikeskus.ee<\/a><\/li>\n<\/ul>\n","protected":false},"excerpt":{"rendered":"<p>Siia panen kirja viited heade m\u00fc\u00fcgikohtade kohta nii meilt kui mujalt. Hetkel kasutan peamiselt Tallinna poodide teenuseid, aga tulevikus v\u00f5iks sobiva hinna korral m\u00f5elda ka v\u00e4lismaistele tarnijatele. Pruulmeistrid &#8211; www.pruulmeistrid.ee Pruulimine.ee &#8211; www.pruulimine.ee Pruulikeskus Gambrinus (Tartus) &#8211;\u00a0www.pruulikeskus.ee<\/p>\n","protected":false},"author":1,"featured_media":0,"parent":0,"menu_order":20,"comment_status":"closed","ping_status":"closed","template":"","meta":{"_acf_changed":false,"footnotes":""},"class_list":["post-10","page","type-page","status-publish","hentry"],"acf":[],"yoast_head":"<!-- This site is optimized with the Yoast SEO plugin v27.3 - https:\/\/yoast.com\/product\/yoast-seo-wordpress\/ -->\n<title>M\u00fc\u00fcgikohad - Martini \u00d5lleteod<\/title>\n<meta name=\"robots\" content=\"index, follow, max-snippet:-1, max-image-preview:large, max-video-preview:-1\" \/>\n<link rel=\"canonical\" href=\"https:\/\/www.orn.ee\/olu\/muugikohad\/\" \/>\n<meta property=\"og:locale\" content=\"et_EE\" \/>\n<meta property=\"og:type\" content=\"article\" \/>\n<meta property=\"og:title\" content=\"M\u00fc\u00fcgikohad - Martini \u00d5lleteod\" \/>\n<meta property=\"og:description\" content=\"Siia panen kirja viited heade m\u00fc\u00fcgikohtade kohta nii meilt kui mujalt. Hetkel kasutan peamiselt Tallinna poodide teenuseid, aga tulevikus v\u00f5iks sobiva hinna korral m\u00f5elda ka v\u00e4lismaistele tarnijatele. Pruulmeistrid &#8211; www.pruulmeistrid.ee Pruulimine.ee &#8211; www.pruulimine.ee Pruulikeskus Gambrinus (Tartus) &#8211;\u00a0www.pruulikeskus.ee\" \/>\n<meta property=\"og:url\" content=\"https:\/\/www.orn.ee\/olu\/muugikohad\/\" \/>\n<meta property=\"og:site_name\" content=\"Martini \u00d5lleteod\" \/>\n<meta property=\"article:modified_time\" content=\"2015-07-09T22:47:29+00:00\" \/>\n<meta name=\"twitter:card\" content=\"summary_large_image\" \/>\n<script type=\"application\/ld+json\" class=\"yoast-schema-graph\">{\"@context\":\"https:\\\/\\\/schema.org\",\"@graph\":[{\"@type\":\"WebPage\",\"@id\":\"https:\\\/\\\/www.orn.ee\\\/olu\\\/muugikohad\\\/\",\"url\":\"https:\\\/\\\/www.orn.ee\\\/olu\\\/muugikohad\\\/\",\"name\":\"M\u00fc\u00fcgikohad - Martini \u00d5lleteod\",\"isPartOf\":{\"@id\":\"https:\\\/\\\/www.orn.ee\\\/olu\\\/#website\"},\"datePublished\":\"2015-06-16T20:31:22+00:00\",\"dateModified\":\"2015-07-09T22:47:29+00:00\",\"breadcrumb\":{\"@id\":\"https:\\\/\\\/www.orn.ee\\\/olu\\\/muugikohad\\\/#breadcrumb\"},\"inLanguage\":\"et\",\"potentialAction\":[{\"@type\":\"ReadAction\",\"target\":[\"https:\\\/\\\/www.orn.ee\\\/olu\\\/muugikohad\\\/\"]}]},{\"@type\":\"BreadcrumbList\",\"@id\":\"https:\\\/\\\/www.orn.ee\\\/olu\\\/muugikohad\\\/#breadcrumb\",\"itemListElement\":[{\"@type\":\"ListItem\",\"position\":1,\"name\":\"Home\",\"item\":\"https:\\\/\\\/www.orn.ee\\\/olu\\\/\"},{\"@type\":\"ListItem\",\"position\":2,\"name\":\"M\u00fc\u00fcgikohad\"}]},{\"@type\":\"WebSite\",\"@id\":\"https:\\\/\\\/www.orn.ee\\\/olu\\\/#website\",\"url\":\"https:\\\/\\\/www.orn.ee\\\/olu\\\/\",\"name\":\"Martini \u00d5lleteod\",\"description\":\"Minu \u00f5lletegemise p\u00e4evik ja kasulikud nipid\",\"potentialAction\":[{\"@type\":\"SearchAction\",\"target\":{\"@type\":\"EntryPoint\",\"urlTemplate\":\"https:\\\/\\\/www.orn.ee\\\/olu\\\/?s={search_term_string}\"},\"query-input\":{\"@type\":\"PropertyValueSpecification\",\"valueRequired\":true,\"valueName\":\"search_term_string\"}}],\"inLanguage\":\"et\"}]}<\/script>\n<!-- \/ Yoast SEO plugin. -->","yoast_head_json":{"title":"M\u00fc\u00fcgikohad - Martini \u00d5lleteod","robots":{"index":"index","follow":"follow","max-snippet":"max-snippet:-1","max-image-preview":"max-image-preview:large","max-video-preview":"max-video-preview:-1"},"canonical":"https:\/\/www.orn.ee\/olu\/muugikohad\/","og_locale":"et_EE","og_type":"article","og_title":"M\u00fc\u00fcgikohad - Martini \u00d5lleteod","og_description":"Siia panen kirja viited heade m\u00fc\u00fcgikohtade kohta nii meilt kui mujalt. Hetkel kasutan peamiselt Tallinna poodide teenuseid, aga tulevikus v\u00f5iks sobiva hinna korral m\u00f5elda ka v\u00e4lismaistele tarnijatele. Pruulmeistrid &#8211; www.pruulmeistrid.ee Pruulimine.ee &#8211; www.pruulimine.ee Pruulikeskus Gambrinus (Tartus) &#8211;\u00a0www.pruulikeskus.ee","og_url":"https:\/\/www.orn.ee\/olu\/muugikohad\/","og_site_name":"Martini \u00d5lleteod","article_modified_time":"2015-07-09T22:47:29+00:00","twitter_card":"summary_large_image","schema":{"@context":"https:\/\/schema.org","@graph":[{"@type":"WebPage","@id":"https:\/\/www.orn.ee\/olu\/muugikohad\/","url":"https:\/\/www.orn.ee\/olu\/muugikohad\/","name":"M\u00fc\u00fcgikohad - Martini \u00d5lleteod","isPartOf":{"@id":"https:\/\/www.orn.ee\/olu\/#website"},"datePublished":"2015-06-16T20:31:22+00:00","dateModified":"2015-07-09T22:47:29+00:00","breadcrumb":{"@id":"https:\/\/www.orn.ee\/olu\/muugikohad\/#breadcrumb"},"inLanguage":"et","potentialAction":[{"@type":"ReadAction","target":["https:\/\/www.orn.ee\/olu\/muugikohad\/"]}]},{"@type":"BreadcrumbList","@id":"https:\/\/www.orn.ee\/olu\/muugikohad\/#breadcrumb","itemListElement":[{"@type":"ListItem","position":1,"name":"Home","item":"https:\/\/www.orn.ee\/olu\/"},{"@type":"ListItem","position":2,"name":"M\u00fc\u00fcgikohad"}]},{"@type":"WebSite","@id":"https:\/\/www.orn.ee\/olu\/#website","url":"https:\/\/www.orn.ee\/olu\/","name":"Martini \u00d5lleteod","description":"Minu \u00f5lletegemise p\u00e4evik ja kasulikud nipid","potentialAction":[{"@type":"SearchAction","target":{"@type":"EntryPoint","urlTemplate":"https:\/\/www.orn.ee\/olu\/?s={search_term_string}"},"query-input":{"@type":"PropertyValueSpecification","valueRequired":true,"valueName":"search_term_string"}}],"inLanguage":"et"}]}},"_links":{"self":[{"href":"https:\/\/www.orn.ee\/olu\/wp-json\/wp\/v2\/pages\/10","targetHints":{"allow":["GET"]}}],"collection":[{"href":"https:\/\/www.orn.ee\/olu\/wp-json\/wp\/v2\/pages"}],"about":[{"href":"https:\/\/www.orn.ee\/olu\/wp-json\/wp\/v2\/types\/page"}],"author":[{"embeddable":true,"href":"https:\/\/www.orn.ee\/olu\/wp-json\/wp\/v2\/users\/1"}],"replies":[{"embeddable":true,"href":"https:\/\/www.orn.ee\/olu\/wp-json\/wp\/v2\/comments?post=10"}],"version-history":[{"count":5,"href":"https:\/\/www.orn.ee\/olu\/wp-json\/wp\/v2\/pages\/10\/revisions"}],"predecessor-version":[{"id":286,"href":"https:\/\/www.orn.ee\/olu\/wp-json\/wp\/v2\/pages\/10\/revisions\/286"}],"wp:attachment":[{"href":"https:\/\/www.orn.ee\/olu\/wp-json\/wp\/v2\/media?parent=10"}],"curies":[{"name":"wp","href":"https:\/\/api.w.org\/{rel}","templated":true}]}}