{"id":8,"date":"2016-11-30T19:23:00","date_gmt":"2016-11-30T17:23:00","guid":{"rendered":"https:\/\/www.orn.ee\/hetked\/?post_type=product&#038;p=8"},"modified":"2017-11-17T13:45:55","modified_gmt":"2017-11-17T11:45:55","slug":"rein-orn-hetked-cd-plaat","status":"publish","type":"product","link":"https:\/\/www.orn.ee\/hetked\/toode\/rein-orn-hetked-cd-plaat\/","title":{"rendered":"Rein Orn &#8220;Hetked&#8221; CD plaat"},"content":{"rendered":"<p><strong>CD sisaldab 9 muusikapala:<\/strong><\/p>\n<p>1.\u00a0\u00a0\u00a0\u00a0 Kevad Kuressaares &#8211; R. Orn \/ R. Orn<br \/>\n2.\u00a0\u00a0\u00a0\u00a0 Melodie in rhumba &#8211; Lill-Magnus (Stig Olof Magnusson)<br \/>\n3.\u00a0\u00a0\u00a0\u00a0 All the things you are &#8211; J. Kern<br \/>\n4.\u00a0\u00a0\u00a0\u00a0 Sinilind &#8211; R. Valgre<br \/>\n5.\u00a0\u00a0\u00a0\u00a0 \u00d5ige valik &#8211; R.Valgre<br \/>\n6.\u00a0\u00a0\u00a0\u00a0 Tantsuviis (Dansvise) &#8211; O. Francker \/ eestikeelne tekst H. Karmo<br \/>\n7.\u00a0\u00a0\u00a0\u00a0 Indifference &#8211; J. Colombo \/ T. Murena<br \/>\n8.\u00a0\u00a0\u00a0\u00a0 Balajo &#8211; J. Privat<br \/>\n9.\u00a0\u00a0\u00a0\u00a0 M\u00e4lestuste rannal &#8211; R. Orn \/ R. Orn<\/p>\n<p><strong>M\u00f5ned audio n\u00e4ited:<\/strong><\/p>\n<p>Indifference:<\/p>\n<!--[if lt IE 9]><script>document.createElement('audio');<\/script><![endif]-->\n<audio class=\"wp-audio-shortcode\" id=\"audio-8-1\" preload=\"none\" style=\"width: 100%;\" controls=\"controls\"><source type=\"audio\/mpeg\" src=\"https:\/\/www.orn.ee\/hetked\/wordpress\/wp-content\/uploads\/2016\/11\/indifference.m4a?_=1\" \/><a href=\"https:\/\/www.orn.ee\/hetked\/wordpress\/wp-content\/uploads\/2016\/11\/indifference.m4a\">https:\/\/www.orn.ee\/hetked\/wordpress\/wp-content\/uploads\/2016\/11\/indifference.m4a<\/a><\/audio>\n<p>Kevad Kuressaares:<\/p>\n<audio class=\"wp-audio-shortcode\" id=\"audio-8-2\" preload=\"none\" style=\"width: 100%;\" controls=\"controls\"><source type=\"audio\/mpeg\" src=\"https:\/\/www.orn.ee\/hetked\/wordpress\/wp-content\/uploads\/2016\/11\/kevad-kuressaares.m4a?_=2\" \/><a href=\"https:\/\/www.orn.ee\/hetked\/wordpress\/wp-content\/uploads\/2016\/11\/kevad-kuressaares.m4a\">https:\/\/www.orn.ee\/hetked\/wordpress\/wp-content\/uploads\/2016\/11\/kevad-kuressaares.m4a<\/a><\/audio>\n<p>All The Things You Are:<\/p>\n<audio class=\"wp-audio-shortcode\" id=\"audio-8-3\" preload=\"none\" style=\"width: 100%;\" controls=\"controls\"><source type=\"audio\/mpeg\" src=\"https:\/\/www.orn.ee\/hetked\/wordpress\/wp-content\/uploads\/2016\/11\/all-the-things-you-are.m4a?_=3\" \/><a href=\"https:\/\/www.orn.ee\/hetked\/wordpress\/wp-content\/uploads\/2016\/11\/all-the-things-you-are.m4a\">https:\/\/www.orn.ee\/hetked\/wordpress\/wp-content\/uploads\/2016\/11\/all-the-things-you-are.m4a<\/a><\/audio>\n<p>&nbsp;<\/p>\n<h2>Tarneinfo:<\/h2>\n<p>Saadame teile CD plaadi Omniva vahendusel, maksikirjana, CD turva\u00fcmbrikus.<br \/>\nEesti piires: hind 2\u00a0EUR\/toote kohta. V\u00e4lismaale: 7\u00a0EUR\/toote kohta. Transpordi hind lisandub kassas toote hinnale.<\/p>\n<p>Tasuda saate, p\u00e4rast tellimuse esitamist, teile saadetava <span style=\"text-decoration: underline;\">arve alusel<\/span> v\u00f5i PayPali kaudu <span style=\"text-decoration: underline;\">krediitkaardiga<\/span>*.<br \/>\nP\u00e4rast raha laekumist meie pangakontole saadame tellitud kauba v\u00e4lja <span style=\"text-decoration: underline;\">5 t\u00f6\u00f6p\u00e4eva jooksul<\/span>.<\/p>\n<p><em>* Kui teil PayPali kontot veel ei ole, saate sama kanali kaudu tasuda oma krediitkaardiga.<\/em><\/p>\n<p>Palun olge oma aadressi andmete sisestamisel t\u00e4psed!<\/p>\n<p>Hulgitellimuste korral p\u00f6\u00f6rduge: <a href=\"mailto:rein@orn.ee\">rein@orn.ee<\/a>.<br \/>\nK\u00fcsimuste v\u00f5i probleemide korral kirjutage meile: <a href=\"mailto:info@orn.ee\">info@orn.ee<\/a>.<\/p>\n","protected":false},"excerpt":{"rendered":"<p><strong>Hea akordionimuusika huviline<\/strong><\/p>\n<p>Sa ei pettu, kui soetad omale selle plaadi. Sinuni j\u00f5uab eriilmeline muusika, mis esitatud m\u00f5nusas, traditsioonilises laadis. Boonusena saad kuulata kaht \u00fcsna uut laulu eestlaste lemmiku, <strong>Ivo Linna<\/strong> esituses. CD\u2019le lisab nooruslikku s\u00e4ra <strong>Maria V\u00e4li<\/strong> lauldud ammune kaunis viis. Kui v\u00e4sid tormlemisest ja kaamos kipub kallale, kuula seda plaati ja rahu sinu hinges on tagasi. Igas kuulatavas hetkes on osake minu muusikalisest m\u00f5ttemaailmast, mille teeb eriliseks akordioni, kui pillimaailma \u00fche s\u00e4ravama t\u00e4he \u201eExcelsiori\u201c mahe ja samas s\u00e4delev heligamma.<\/p>\n","protected":false},"featured_media":9,"comment_status":"closed","ping_status":"closed","template":"","meta":[],"product_cat":[18],"product_tag":[],"_links":{"self":[{"href":"https:\/\/www.orn.ee\/hetked\/wp-json\/wp\/v2\/product\/8"}],"collection":[{"href":"https:\/\/www.orn.ee\/hetked\/wp-json\/wp\/v2\/product"}],"about":[{"href":"https:\/\/www.orn.ee\/hetked\/wp-json\/wp\/v2\/types\/product"}],"replies":[{"embeddable":true,"href":"https:\/\/www.orn.ee\/hetked\/wp-json\/wp\/v2\/comments?post=8"}],"wp:featuredmedia":[{"embeddable":true,"href":"https:\/\/www.orn.ee\/hetked\/wp-json\/wp\/v2\/media\/9"}],"wp:attachment":[{"href":"https:\/\/www.orn.ee\/hetked\/wp-json\/wp\/v2\/media?parent=8"}],"wp:term":[{"taxonomy":"product_cat","embeddable":true,"href":"https:\/\/www.orn.ee\/hetked\/wp-json\/wp\/v2\/product_cat?post=8"},{"taxonomy":"product_tag","embeddable":true,"href":"https:\/\/www.orn.ee\/hetked\/wp-json\/wp\/v2\/product_tag?post=8"}],"curies":[{"name":"wp","href":"https:\/\/api.w.org\/{rel}","templated":true}]}}